{"id":88,"date":"2018-10-04T11:46:28","date_gmt":"2018-10-04T11:46:28","guid":{"rendered":"https:\/\/hebammemelanie.wordpress.com\/?page_id=88"},"modified":"2026-04-22T17:51:00","modified_gmt":"2026-04-22T15:51:00","slug":"herzlich-willkommen","status":"publish","type":"page","link":"https:\/\/www.hebamme-melanie.de\/","title":{"rendered":"Herzlich Willkommen"},"content":{"rendered":"<p>Gro\u00dfe Ver\u00e4nderungen in unserem Leben beginnen ganz klein.<br \/>\nAuf diesem Weg begleite ich Sie gerne<\/p>\n<p><img loading=\"lazy\" decoding=\"async\" class=\"alignnone size-medium wp-image-243\" src=\"https:\/\/www.hebamme-melanie.de\/wp-content\/uploads\/2019\/02\/Wolf-Schriftzug_ohne-Hebamme_kl-300x67.png\" alt=\"\" width=\"300\" height=\"67\" srcset=\"https:\/\/www.hebamme-melanie.de\/wp-content\/uploads\/2019\/02\/Wolf-Schriftzug_ohne-Hebamme_kl-300x67.png 300w, https:\/\/www.hebamme-melanie.de\/wp-content\/uploads\/2019\/02\/Wolf-Schriftzug_ohne-Hebamme_kl.png 600w\" sizes=\"auto, (max-width: 300px) 100vw, 300px\" \/><\/p>\n<blockquote><p>&#8212; Freie Pl\u00e4tze: ET ab Mitte November 2026 \u00a0&#8212;<\/p><\/blockquote>\n","protected":false},"excerpt":{"rendered":"<p>Gro\u00dfe Ver\u00e4nderungen in unserem Leben beginnen ganz klein. Auf diesem Weg begleite ich Sie gerne &#8212; Freie Pl\u00e4tze: ET ab Mitte November 2026 \u00a0&#8212;<\/p>\n","protected":false},"author":1,"featured_media":331,"parent":0,"menu_order":0,"comment_status":"closed","ping_status":"closed","template":"page-templates\/front-page.php","meta":{"footnotes":""},"class_list":["post-88","page","type-page","status-publish","has-post-thumbnail","hentry","with-featured-image"],"_links":{"self":[{"href":"https:\/\/www.hebamme-melanie.de\/index.php?rest_route=\/wp\/v2\/pages\/88","targetHints":{"allow":["GET"]}}],"collection":[{"href":"https:\/\/www.hebamme-melanie.de\/index.php?rest_route=\/wp\/v2\/pages"}],"about":[{"href":"https:\/\/www.hebamme-melanie.de\/index.php?rest_route=\/wp\/v2\/types\/page"}],"author":[{"embeddable":true,"href":"https:\/\/www.hebamme-melanie.de\/index.php?rest_route=\/wp\/v2\/users\/1"}],"replies":[{"embeddable":true,"href":"https:\/\/www.hebamme-melanie.de\/index.php?rest_route=%2Fwp%2Fv2%2Fcomments&post=88"}],"version-history":[{"count":36,"href":"https:\/\/www.hebamme-melanie.de\/index.php?rest_route=\/wp\/v2\/pages\/88\/revisions"}],"predecessor-version":[{"id":2351,"href":"https:\/\/www.hebamme-melanie.de\/index.php?rest_route=\/wp\/v2\/pages\/88\/revisions\/2351"}],"wp:featuredmedia":[{"embeddable":true,"href":"https:\/\/www.hebamme-melanie.de\/index.php?rest_route=\/wp\/v2\/media\/331"}],"wp:attachment":[{"href":"https:\/\/www.hebamme-melanie.de\/index.php?rest_route=%2Fwp%2Fv2%2Fmedia&parent=88"}],"curies":[{"name":"wp","href":"https:\/\/api.w.org\/{rel}","templated":true}]}}