{"id":57,"date":"2018-10-04T11:46:49","date_gmt":"2018-10-04T11:46:49","guid":{"rendered":"https:\/\/hebammemelanie.wordpress.com\/?page_id=57"},"modified":"2026-04-19T21:07:32","modified_gmt":"2026-04-19T19:07:32","slug":"betreuungsanfrage","status":"publish","type":"page","link":"https:\/\/www.hebamme-melanie.de\/?page_id=57","title":{"rendered":"Betreuungsanfrage f\u00fcr eine Hausgeburt oder eine Geburt im Geburtshaus"},"content":{"rendered":"<p>Ich freue mich von Ihnen zu h\u00f6ren und werde mich zeitnah melden, um einen Kennenlerntermin zu vereinbaren und offene Fragen zu kl\u00e4ren.<\/p>\n<p>Betreuungsgebiet:<br \/>\nDie Betreuung einer Hausgeburt biete ich im Umkreis von ca 50km um Wuppertal an: Bochum, Burscheid, D\u00fcsseldorf, Ennepetal, Erkrath, Essen, Gevelsberg, Haan, Hagen, Halver, Hattingen, Heiligenhaus, Hilden, H\u00fcckeswagen, Langenfeld, Leichlingen, Mettmann, M\u00fchlheim, Neuss, Ratingen, Remscheid, Schwelm, Solingen, Sprockh\u00f6vel, Velbert, Wermelskirchen, Wetter, Witten<\/p>\n<p>Eine Komplettbetreuung in der Schwangerschaft, w\u00e4hrend der Geburt (zu Hause oder im Geburtshaus &#8222;die Hebammerei&#8220;) und im 1. Lebensjahr kann ich nur f\u00fcr Wuppertal und die direkte Umgebung anbieten. Bei weiterer Entfernung sollte die Wochenbettbetreuung durch eine Kollegin vor Ort begleitet werden.<\/p>\n<p style=\"text-align: center;\">Wegen Urlaub nehme ich keine Betreuungen mit <strong>ET 20.12. &#8211; 12.01.2027<\/strong> an. Meine Kolleginnen aus der <a href=\"https:\/\/www.hebammerei.de\" target=\"_blank\" rel=\"noopener\">Hebammerei Wuppertal<\/a> betreuen Sie in der Zeit gerne.<\/p>\n<p><div role=\"form\" class=\"wpcf7\" id=\"wpcf7-f121-o1\" lang=\"de-DE\" dir=\"ltr\">\n<div class=\"screen-reader-response\"><p role=\"status\" aria-live=\"polite\" aria-atomic=\"true\"><\/p> <ul><\/ul><\/div>\n<form action=\"\/index.php?rest_route=%2Fwp%2Fv2%2Fpages%2F57#wpcf7-f121-o1\" method=\"post\" class=\"wpcf7-form init\" novalidate=\"novalidate\" data-status=\"init\">\n<div style=\"display: none;\">\n<input type=\"hidden\" name=\"_wpcf7\" value=\"121\" \/>\n<input type=\"hidden\" name=\"_wpcf7_version\" value=\"5.5.2\" \/>\n<input type=\"hidden\" name=\"_wpcf7_locale\" value=\"de_DE\" \/>\n<input type=\"hidden\" name=\"_wpcf7_unit_tag\" value=\"wpcf7-f121-o1\" \/>\n<input type=\"hidden\" name=\"_wpcf7_container_post\" value=\"0\" \/>\n<input type=\"hidden\" name=\"_wpcf7_posted_data_hash\" value=\"\" \/>\n<\/div>\n<p><label> Name (Pflichtfeld)<br \/>\n    <span class=\"wpcf7-form-control-wrap your-name\"><input type=\"text\" name=\"your-name\" value=\"\" size=\"40\" class=\"wpcf7-form-control wpcf7-text wpcf7-validates-as-required\" aria-required=\"true\" aria-invalid=\"false\" \/><\/span> <\/label><\/p>\n<p><label> Betreuungswunsch<\/label><br \/>\n<span class=\"wpcf7-form-control-wrap Betreuungswunsch\"><span class=\"wpcf7-form-control wpcf7-checkbox wpcf7-validates-as-required\"><span class=\"wpcf7-list-item first\"><label><input type=\"checkbox\" name=\"Betreuungswunsch[]\" value=\"Hausgeburt\" \/><span class=\"wpcf7-list-item-label\">Hausgeburt<\/span><\/label><\/span><span class=\"wpcf7-list-item last\"><label><input type=\"checkbox\" name=\"Betreuungswunsch[]\" value=\"Geburtshausgeburt\" \/><span class=\"wpcf7-list-item-label\">Geburtshausgeburt<\/span><\/label><\/span><\/span><\/span><\/p>\n<p><label> Wochenbettbetreuung<\/label><br \/>\n<span class=\"wpcf7-form-control-wrap Wochenbett\"><span class=\"wpcf7-form-control wpcf7-checkbox wpcf7-validates-as-required\"><span class=\"wpcf7-list-item first\"><label><input type=\"checkbox\" name=\"Wochenbett[]\" value=\"ja, gerne\" \/><span class=\"wpcf7-list-item-label\">ja, gerne<\/span><\/label><\/span><span class=\"wpcf7-list-item last\"><label><input type=\"checkbox\" name=\"Wochenbett[]\" value=\"nein, ich habe schon eine Hebamme f\u00fcr das Wochenbett\" \/><span class=\"wpcf7-list-item-label\">nein, ich habe schon eine Hebamme f\u00fcr das Wochenbett<\/span><\/label><\/span><\/span><\/span><\/p>\n<p><label> Errechneter Termin (Pflichtfeld)<br \/>\n    <span class=\"wpcf7-form-control-wrap ET\"><input type=\"text\" name=\"ET\" value=\"\" size=\"40\" class=\"wpcf7-form-control wpcf7-text wpcf7-validates-as-required\" aria-required=\"true\" aria-invalid=\"false\" \/><\/span> <\/label><\/p>\n<p><label> Wievieltes Kind<br \/>\n    <span class=\"wpcf7-form-control-wrap Gravida\"><input type=\"text\" name=\"Gravida\" value=\"\" size=\"40\" class=\"wpcf7-form-control wpcf7-text\" aria-invalid=\"false\" \/><\/span> <\/label><\/p>\n<p><label> Stra\u00dfe<br \/>\n    <span class=\"wpcf7-form-control-wrap Strasse\"><input type=\"text\" name=\"Strasse\" value=\"\" size=\"40\" class=\"wpcf7-form-control wpcf7-text\" aria-invalid=\"false\" \/><\/span> <\/label><\/p>\n<p><label> PLZ<br \/>\n    <span class=\"wpcf7-form-control-wrap PLZ\"><input type=\"text\" name=\"PLZ\" value=\"\" size=\"40\" class=\"wpcf7-form-control wpcf7-text\" aria-invalid=\"false\" \/><\/span> <\/label><\/p>\n<p><label> Wohnort<br \/>\n    <span class=\"wpcf7-form-control-wrap Stadt\"><input type=\"text\" name=\"Stadt\" value=\"\" size=\"40\" class=\"wpcf7-form-control wpcf7-text\" aria-invalid=\"false\" \/><\/span> <\/label><\/p>\n<p><label> Telefonnr.<br \/>\n    <span class=\"wpcf7-form-control-wrap Telefon\"><input type=\"text\" name=\"Telefon\" value=\"\" size=\"40\" class=\"wpcf7-form-control wpcf7-text\" aria-invalid=\"false\" \/><\/span> <\/label><\/p>\n<p><label> E-Mail (Pflichtfeld)<br \/>\n    <span class=\"wpcf7-form-control-wrap your-email\"><input type=\"email\" name=\"your-email\" value=\"\" size=\"40\" class=\"wpcf7-form-control wpcf7-text wpcf7-email wpcf7-validates-as-required wpcf7-validates-as-email\" aria-required=\"true\" aria-invalid=\"false\" \/><\/span> <\/label><\/p>\n<p><label> Name der Krankenversicherung<br \/>\n    <span class=\"wpcf7-form-control-wrap KK\"><input type=\"text\" name=\"KK\" value=\"\" size=\"40\" class=\"wpcf7-form-control wpcf7-text\" aria-invalid=\"false\" \/><\/span> <\/label><\/p>\n<p><label> Weitere Informationen z.B. zu vorheriger Schwangerschaft (Fr\u00fchgeburt, z.n.Sectio etc.), Vorerkrankungen, Medikamenten, besonderen W\u00fcnschen etc.<br \/>\n    <span class=\"wpcf7-form-control-wrap your-message\"><textarea name=\"your-message\" cols=\"40\" rows=\"10\" class=\"wpcf7-form-control wpcf7-textarea\" aria-invalid=\"false\"><\/textarea><\/span> <\/label><\/p>\n<p><label>Datenschutz<br \/>\nDetails zur Verwendung deiner Daten findest du in meinen <a href=\"https:\/\/www.hebamme-melanie.de\/?page_id=3\" target=\"_blank\">Datenschutzbestimmungen<\/a>.<br \/>\n <span class=\"wpcf7-form-control-wrap Datenschutz\"><span class=\"wpcf7-form-control wpcf7-acceptance\"><span class=\"wpcf7-list-item\"><input type=\"checkbox\" name=\"Datenschutz\" value=\"1\" aria-invalid=\"false\" \/><\/span><\/span><\/span> Ja, mit der Verarbeitung meiner Daten bin ich einverstanden.<br \/>\n     <\/label><\/p>\n<p><label>Weiterleitung meiner Daten<br \/>\nWenn du einverstanden bist, leite ich deine Anfrage an eine Kollegin weiter, wenn ich keine Kapazit\u00e4ten mehr habe.<br \/>\nBitte leite meine Anfrage an eine kooperierende Kollegin weiter: <span class=\"wpcf7-form-control-wrap Weiterleitung\"><span class=\"wpcf7-form-control wpcf7-checkbox\"><span class=\"wpcf7-list-item first\"><input type=\"checkbox\" name=\"Weiterleitung[]\" value=\"Ja\" \/><span class=\"wpcf7-list-item-label\">Ja<\/span><\/span><span class=\"wpcf7-list-item last\"><input type=\"checkbox\" name=\"Weiterleitung[]\" value=\"Nein\" \/><span class=\"wpcf7-list-item-label\">Nein<\/span><\/span><\/span><\/span><br \/>\n     <\/label><\/p>\n<p><input type=\"submit\" value=\"Senden\" class=\"wpcf7-form-control has-spinner wpcf7-submit\" \/><\/p>\n<div class=\"wpcf7-response-output\" aria-hidden=\"true\"><\/div><\/form><\/div><strong><br \/>\n<\/strong><\/p>\n","protected":false},"excerpt":{"rendered":"<p>Ich freue mich von Ihnen zu h\u00f6ren und werde mich zeitnah melden, um einen Kennenlerntermin zu vereinbaren und offene Fragen zu kl\u00e4ren. Betreuungsgebiet: Die Betreuung einer Hausgeburt biete ich im Umkreis von ca 50km um Wuppertal an: Bochum, Burscheid, D\u00fcsseldorf, Ennepetal, Erkrath, Essen, Gevelsberg, Haan, Hagen, Halver, Hattingen, Heiligenhaus, Hilden, H\u00fcckeswagen, Langenfeld, Leichlingen, Mettmann, M\u00fchlheim, &hellip; <a href=\"https:\/\/www.hebamme-melanie.de\/?page_id=57\" class=\"more-link\">Weiterlesen <span class=\"screen-reader-text\">Betreuungsanfrage f\u00fcr eine Hausgeburt oder eine Geburt im Geburtshaus<\/span><\/a><\/p>\n","protected":false},"author":1,"featured_media":326,"parent":0,"menu_order":0,"comment_status":"closed","ping_status":"closed","template":"","meta":{"footnotes":""},"class_list":["post-57","page","type-page","status-publish","has-post-thumbnail","hentry","with-featured-image"],"_links":{"self":[{"href":"https:\/\/www.hebamme-melanie.de\/index.php?rest_route=\/wp\/v2\/pages\/57","targetHints":{"allow":["GET"]}}],"collection":[{"href":"https:\/\/www.hebamme-melanie.de\/index.php?rest_route=\/wp\/v2\/pages"}],"about":[{"href":"https:\/\/www.hebamme-melanie.de\/index.php?rest_route=\/wp\/v2\/types\/page"}],"author":[{"embeddable":true,"href":"https:\/\/www.hebamme-melanie.de\/index.php?rest_route=\/wp\/v2\/users\/1"}],"replies":[{"embeddable":true,"href":"https:\/\/www.hebamme-melanie.de\/index.php?rest_route=%2Fwp%2Fv2%2Fcomments&post=57"}],"version-history":[{"count":76,"href":"https:\/\/www.hebamme-melanie.de\/index.php?rest_route=\/wp\/v2\/pages\/57\/revisions"}],"predecessor-version":[{"id":2321,"href":"https:\/\/www.hebamme-melanie.de\/index.php?rest_route=\/wp\/v2\/pages\/57\/revisions\/2321"}],"wp:featuredmedia":[{"embeddable":true,"href":"https:\/\/www.hebamme-melanie.de\/index.php?rest_route=\/wp\/v2\/media\/326"}],"wp:attachment":[{"href":"https:\/\/www.hebamme-melanie.de\/index.php?rest_route=%2Fwp%2Fv2%2Fmedia&parent=57"}],"curies":[{"name":"wp","href":"https:\/\/api.w.org\/{rel}","templated":true}]}}