{"id":371,"date":"2019-02-18T12:47:20","date_gmt":"2019-02-18T11:47:20","guid":{"rendered":"https:\/\/www.hebamme-melanie.de\/?page_id=371"},"modified":"2026-01-22T23:16:45","modified_gmt":"2026-01-22T22:16:45","slug":"kosten","status":"publish","type":"page","link":"https:\/\/www.hebamme-melanie.de\/?page_id=371","title":{"rendered":"Kosten"},"content":{"rendered":"<h3>Gesetzliche Krankenkasse:<\/h3>\n<p>Die Kosten f\u00fcr die Hebammenbetreuung werden (bis auf Wahlleistungen) vollst\u00e4ndig \u00fcbernommen und die Abrechnung erfolgt direkt mit der Krankenkasse:<\/p>\n<ul>\n<li>Vorgespr\u00e4ch<\/li>\n<li>\n<p>12 Beratungen in der Schwangerschaft (tel.\/pers\u00f6nl.)<\/p>\n<\/li>\n<li>\n<p>Geburtsvorbereitung (Gruppe oder auf Rezept auch Einzeln)<\/p>\n<\/li>\n<li>\n<p>Geburtsplanung bei au\u00dferklinisch geplanter Geburt<\/p>\n<\/li>\n<li>\n<p>Hausgeburt \/ Geburtsanbetreuung zu Hause (bei geplanter Klinikgeburt)<\/p>\n<\/li>\n<li>\n<p>20 Wochenbettbesuche in den ersten 10 Tagen (tel.\/pers\u00f6nl.)<\/p>\n<\/li>\n<li>\n<p>16 Wochenbettbesuche vom 10.Tag bis Ende 12.Woche (tel.\/pers\u00f6nl.)<\/p>\n<\/li>\n<li>\n<p>8 Still- \/ Ern\u00e4hrungsberatungen nach der 12.Woche (tel.\/pers\u00f6nl.)<\/p>\n<\/li>\n<li>\n<p>R\u00fcckbildung<\/p>\n<\/li>\n<\/ul>\n<h3>Privatversicherung:<\/h3>\n<p>Der Leistungskatalog von Privatversicherungen ist sehr unterschiedlich, ich empfehle die \u00dcbernahme der Kosten im eigenen Vertrag zu \u00fcberpr\u00fcfen.<\/p>\n<h3>Wahlleistungen:<\/h3>\n<ul>\n<li>24h Rufbereitschaft von 37+0 bis 41+6 SSW: 600 Euro<br \/>(wird von den gesetzlichen Krankenkassen mit bis zu 600\u20ac bezuschu\u00dft)<\/li>\n<li>Akupunktur: 25 Euro \/ Sitzung<\/li>\n<li>Kinesiotaping je nach Umfang<\/li>\n<li>Low-Level-Lasern: 25 Euro \/ Sitzung<\/li>\n<li>Rektusdiastasen &#8211; Checkup: 45 Euro \/ 30min<\/li>\n<li>Tupler Technique\u00ae: 399 Euro f\u00fcr 6 Wochen Einzelcoaching inkl. Splint\u00a0<\/li>\n<\/ul>\n\n\n<h3 class=\"wp-block-heading\" id=\"mce_1\"><br><\/h3>\n","protected":false},"excerpt":{"rendered":"<p>Gesetzliche Krankenkasse: Die Kosten f\u00fcr die Hebammenbetreuung werden (bis auf Wahlleistungen) vollst\u00e4ndig \u00fcbernommen und die Abrechnung erfolgt direkt mit der Krankenkasse: Vorgespr\u00e4ch 12 Beratungen in der Schwangerschaft (tel.\/pers\u00f6nl.) Geburtsvorbereitung (Gruppe oder auf Rezept auch Einzeln) Geburtsplanung bei au\u00dferklinisch geplanter Geburt Hausgeburt \/ Geburtsanbetreuung zu Hause (bei geplanter Klinikgeburt) 20 Wochenbettbesuche in den ersten 10 Tagen &hellip; <a href=\"https:\/\/www.hebamme-melanie.de\/?page_id=371\" class=\"more-link\">Weiterlesen <span class=\"screen-reader-text\">Kosten<\/span><\/a><\/p>\n","protected":false},"author":1,"featured_media":339,"parent":0,"menu_order":0,"comment_status":"closed","ping_status":"closed","template":"","meta":{"footnotes":""},"class_list":["post-371","page","type-page","status-publish","has-post-thumbnail","hentry","with-featured-image"],"_links":{"self":[{"href":"https:\/\/www.hebamme-melanie.de\/index.php?rest_route=\/wp\/v2\/pages\/371","targetHints":{"allow":["GET"]}}],"collection":[{"href":"https:\/\/www.hebamme-melanie.de\/index.php?rest_route=\/wp\/v2\/pages"}],"about":[{"href":"https:\/\/www.hebamme-melanie.de\/index.php?rest_route=\/wp\/v2\/types\/page"}],"author":[{"embeddable":true,"href":"https:\/\/www.hebamme-melanie.de\/index.php?rest_route=\/wp\/v2\/users\/1"}],"replies":[{"embeddable":true,"href":"https:\/\/www.hebamme-melanie.de\/index.php?rest_route=%2Fwp%2Fv2%2Fcomments&post=371"}],"version-history":[{"count":30,"href":"https:\/\/www.hebamme-melanie.de\/index.php?rest_route=\/wp\/v2\/pages\/371\/revisions"}],"predecessor-version":[{"id":2254,"href":"https:\/\/www.hebamme-melanie.de\/index.php?rest_route=\/wp\/v2\/pages\/371\/revisions\/2254"}],"wp:featuredmedia":[{"embeddable":true,"href":"https:\/\/www.hebamme-melanie.de\/index.php?rest_route=\/wp\/v2\/media\/339"}],"wp:attachment":[{"href":"https:\/\/www.hebamme-melanie.de\/index.php?rest_route=%2Fwp%2Fv2%2Fmedia&parent=371"}],"curies":[{"name":"wp","href":"https:\/\/api.w.org\/{rel}","templated":true}]}}