{"id":2156,"date":"2025-12-14T21:58:54","date_gmt":"2025-12-14T20:58:54","guid":{"rendered":"https:\/\/www.hebamme-melanie.de\/?page_id=2156"},"modified":"2026-04-20T15:15:50","modified_gmt":"2026-04-20T13:15:50","slug":"prenatal%c2%b3-effektive-geburtsvorbereitung-fuer-paare-mit-hypnobirth-yoga-und-massage","status":"publish","type":"page","link":"https:\/\/www.hebamme-melanie.de\/?page_id=2156","title":{"rendered":""},"content":{"rendered":"\n<h4 class=\"wp-block-heading\"><strong>prenatal\u00b3&nbsp;&#8211; effektive Geburtsvorbereitung f\u00fcr Paare mit Hypnobirth, Yoga&nbsp;und Massage\u200b<\/strong><\/h4>\n\n\n<p>Dieser Kurs bietet eine intensive Vorbereitung auf die Geburt: Hypnobirth hilft bei der mentalen Vorbereitung, Yoga stimmt gezielt den K\u00f6rper und auch Dein Baby auf die bevorstehende Geburt ein und verschiedene Massagetechniken (durch den Partner) unterst\u00fctzen die letzten Wochen vor und w\u00e4hrend Geburt.<\/p>\n<p>Um eine optimale Geburtsvorbereitung zu erfahren, findet der Kurs mit maximal 5 Paaren statt.<\/p>\n<p class=\"preFlex flexIn\" data-rte-preserve-empty=\"true\"><strong>Yoga:<\/strong> Wir verbinden einfache Yoga-Techniken (speziell auf Schwangere zugeschnitten) mit unserer Atmung, um den K\u00f6rper auf die Geburt vorzubereiten. \u00a0Die \u00dcbungen helfen Dir, Bauch- und R\u00fcckenmuskeln zu st\u00e4rken und den Beckenboden geschmeidig zu machen. Sie zielen darauf ab, die Beweglichkeit des Beckens zu verbessern, Blockaden zu l\u00f6sen und Dein Baby in die optimale Startposition f\u00fcr die Geburt zu bringen.\u00a0<\/p>\n<p class=\"preFlex flexIn\" data-rte-preserve-empty=\"true\"><strong>Hypnobirth:<\/strong> Du wirst lernen, wie Du Deine Geburt mit Deinen W\u00fcnschen und Vorstellungen visualisieren kannst, um sie tief in Deinem Unterbewusstsein zu verankern. Dabei bedienen wir uns verschiedener Entspannungstechniken. Du erh\u00e4ltst auch eine Audio-Datei, um diese Techniken zu Hause weiter \u00fcben zu k\u00f6nnen.<\/p>\n<p class=\"preFlex flexIn\" data-rte-preserve-empty=\"true\"><strong>Massagen:<\/strong> Wir \u00fcben gemeinsam Massage-Techniken bekleidet im Kurs, die Ihr zu Hause -mithilfe einer Video-Anleitung- unbekleidet und mit \u00d6l vertiefen k\u00f6nnt. Massagen und Ber\u00fchrungen empfinden die meisten Menschen als sehr wohltuend und diese k\u00f6nnen auch die Geburtsarbeit erleichtern:\u00a0<br \/>In der Vorbereitung auf die Geburt f\u00f6rdern sie die Durchblutung des Beckens, machen es durchl\u00e4ssiger und w\u00e4hrend der Geburt dienen sie als nat\u00fcrliches Schmerzmittel.\u00a0<\/p>\n<p class=\"preFlex flexIn\" data-rte-preserve-empty=\"true\">Zus\u00e4tzlich vermittelt der Kurs:<br \/>\u2022 Physiologie der Geburt\u00a0<br \/>\u2022 Geburtsvorbereitende Ern\u00e4hrung<br \/>\u2022 Beckenboden-Vorbereitung<br \/>\u2022 Atem\u00fcbungen, um Mutter und Kind bei Geburt optimal mit Sauerstoff und Endorphinen zu versorgen<\/p>\n<p class=\"preFlex flexIn\" data-rte-preserve-empty=\"true\"><strong>Kursort:<\/strong> Die Hebammerei, Juliusstr. 12 in 42105 Wuppertal.<\/p>\n<p data-rte-preserve-empty=\"true\"><strong>Kosten: <\/strong>380,- Inkl. Handout fu\u0308r die Yoga-\u00dcbungen, Videoanleitung fu\u0308r die Massage und einer Audio-Datei fu\u0308r das Hypnobirth. Der Kurs kann nicht direkt mit der Krankenkasse abgerechnet werden.<\/p>\n<p><strong>prenatal\u00b3\u00a0&#8211; effektive Geburtsvorbereitung f\u00fcr Paare mit Hypnobirth, Yoga\u00a0und Massage\u200b<br \/><\/strong>Termine mit Partner:<br \/>2 x Mo. 18-20 Uhr, 17.08. und 31.08.2026\u00a0<br \/>1 x Sa. 10-14 Uhr, 22.08.2026<br \/>Termine geburtsvorbereitendes Yoga &amp; Hypnobirth:<br \/>5 x Mo. 18.30-19.30 Uhr, 24.08. \/ 07.09. \/ 14.09. \/ 21.09. \/ 28.09.2026<br \/><a href=\"https:\/\/melanie.mymiya.de\/courses\/#course\/select\/0000\" target=\"_blank\" rel=\"noopener\">Hier verbindlich anmelden.<\/a><\/p>\n<p><strong>prenatal\u00b3\u00a0&#8211; effektive Geburtsvorbereitung f\u00fcr Paare mit Hypnobirth, Yoga\u00a0und Massage\u200b<br \/><\/strong>Termine mit Partner:<br \/>2 x Mo. 18-20 Uhr, 11.01. und 25.01.2027\u00a0<br \/>1 x Sa. 10-14 Uhr, 16.01.2027<br \/>Termine geburtsvorbereitendes Yoga &amp; Hypnobirth:<br \/>5 x Mo. 18.45-19.45 Uhr, 01.02. \/ 08.02. \/ 15.02. \/ 22.02. \/ 01.03.2027 (Ersatztermin: 08.03.2027)<br \/><a href=\"https:\/\/melanie.mymiya.de\/courses\/#course\/select\/0000\" target=\"_blank\" rel=\"noopener\">Hier verbindlich anmelden.<\/a><\/p>","protected":false},"excerpt":{"rendered":"<p>prenatal\u00b3&nbsp;&#8211; effektive Geburtsvorbereitung f\u00fcr Paare mit Hypnobirth, Yoga&nbsp;und Massage\u200b Dieser Kurs bietet eine intensive Vorbereitung auf die Geburt: Hypnobirth hilft bei der mentalen Vorbereitung, Yoga stimmt gezielt den K\u00f6rper und auch Dein Baby auf die bevorstehende Geburt ein und verschiedene Massagetechniken (durch den Partner) unterst\u00fctzen die letzten Wochen vor und w\u00e4hrend Geburt. Um eine optimale &hellip; <a href=\"https:\/\/www.hebamme-melanie.de\/?page_id=2156\" class=\"more-link\">Weiterlesen <span class=\"screen-reader-text\"><\/span><\/a><\/p>\n","protected":false},"author":1,"featured_media":0,"parent":0,"menu_order":0,"comment_status":"closed","ping_status":"closed","template":"","meta":{"footnotes":""},"class_list":["post-2156","page","type-page","status-publish","hentry","without-featured-image"],"_links":{"self":[{"href":"https:\/\/www.hebamme-melanie.de\/index.php?rest_route=\/wp\/v2\/pages\/2156","targetHints":{"allow":["GET"]}}],"collection":[{"href":"https:\/\/www.hebamme-melanie.de\/index.php?rest_route=\/wp\/v2\/pages"}],"about":[{"href":"https:\/\/www.hebamme-melanie.de\/index.php?rest_route=\/wp\/v2\/types\/page"}],"author":[{"embeddable":true,"href":"https:\/\/www.hebamme-melanie.de\/index.php?rest_route=\/wp\/v2\/users\/1"}],"replies":[{"embeddable":true,"href":"https:\/\/www.hebamme-melanie.de\/index.php?rest_route=%2Fwp%2Fv2%2Fcomments&post=2156"}],"version-history":[{"count":12,"href":"https:\/\/www.hebamme-melanie.de\/index.php?rest_route=\/wp\/v2\/pages\/2156\/revisions"}],"predecessor-version":[{"id":2332,"href":"https:\/\/www.hebamme-melanie.de\/index.php?rest_route=\/wp\/v2\/pages\/2156\/revisions\/2332"}],"wp:attachment":[{"href":"https:\/\/www.hebamme-melanie.de\/index.php?rest_route=%2Fwp%2Fv2%2Fmedia&parent=2156"}],"curies":[{"name":"wp","href":"https:\/\/api.w.org\/{rel}","templated":true}]}}